{"id":7739,"date":"2016-04-12T14:23:41","date_gmt":"2016-04-12T12:23:41","guid":{"rendered":"https:\/\/www.smarter-lives.eu\/note-legali\/"},"modified":"2026-02-11T15:09:55","modified_gmt":"2026-02-11T14:09:55","slug":"note-legali","status":"publish","type":"page","link":"https:\/\/www.smarter-lives.eu\/it\/note-legali\/","title":{"rendered":"Note legali"},"content":{"rendered":"<\/p>\n<div id='av_section_1'  class='avia-section av-3dhjn-173c4a4b5ce17a037347bc39ee41e38e main_color avia-section-default avia-no-shadow  avia-builder-el-0  avia-builder-el-no-sibling  avia-bg-style-scroll container_wrap fullsize'  ><div class='container av-section-cont-open' ><main  role=\"main\" itemprop=\"mainContentOfPage\"  class='template-page content  av-content-full alpha units'><div class='post-entry post-entry-type-page post-entry-7739'><div class='entry-content-wrapper clearfix'>\n\n<style type=\"text\/css\" data-created_by=\"avia_inline_auto\" id=\"style-css-av-2htf7-e335d83c2275103077514232d5e30479\">\n.flex_column.av-2htf7-e335d83c2275103077514232d5e30479{\nborder-radius:0px 0px 0px 0px;\npadding:0px 0px 0px 0px;\n}\n<\/style>\n<div  class='flex_column av-2htf7-e335d83c2275103077514232d5e30479 av_one_full  avia-builder-el-1  avia-builder-el-no-sibling  first flex_column_div av-zero-column-padding  '     ><p>\n<style type=\"text\/css\" data-created_by=\"avia_inline_auto\" id=\"style-css-av-211n3-ecf8a5f3a3d5933b0fa17f2232942148\">\n#top .av-special-heading.av-211n3-ecf8a5f3a3d5933b0fa17f2232942148{\npadding-bottom:0;\n}\nbody .av-special-heading.av-211n3-ecf8a5f3a3d5933b0fa17f2232942148 .av-special-heading-tag .heading-char{\nfont-size:25px;\n}\n.av-special-heading.av-211n3-ecf8a5f3a3d5933b0fa17f2232942148 .av-subheading{\nfont-size:15px;\n}\n<\/style>\n<div  class='av-special-heading av-211n3-ecf8a5f3a3d5933b0fa17f2232942148 av-special-heading-h1 blockquote modern-quote modern-centered  avia-builder-el-2  el_before_av_hr  avia-builder-el-first '><h1 class='av-special-heading-tag '  itemprop=\"headline\"  >Note legali<\/h1><div class=\"special-heading-border\"><div class=\"special-heading-inner-border\"><\/div><\/div><\/div><br \/>\n\n<style type=\"text\/css\" data-created_by=\"avia_inline_auto\" id=\"style-css-av-1c43z-c8ce9db5d9b4528cd84568dedba8d284\">\n#top .hr.av-1c43z-c8ce9db5d9b4528cd84568dedba8d284{\nmargin-top:2%;\nmargin-bottom:2%;\n}\n.hr.av-1c43z-c8ce9db5d9b4528cd84568dedba8d284 .hr-inner{\nwidth:50%;\n}\n<\/style>\n<div  class='hr av-1c43z-c8ce9db5d9b4528cd84568dedba8d284 hr-custom  avia-builder-el-3  el_after_av_heading  el_before_av_textblock  hr-center hr-icon-no'><span class='hr-inner inner-border-av-border-thin'><span class=\"hr-inner-style\"><\/span><\/span><\/div><br \/>\n<section  class='av_textblock_section av-13hoz-b669c27d124d240503dee7d868f8193d '   itemscope=\"itemscope\" itemtype=\"https:\/\/schema.org\/CreativeWork\" ><div class='avia_textblock'  itemprop=\"text\" ><div class=\"row column-content-wrapper\">\n<div id=\"content\" class=\"span12 article-container\">\n<article id=\"page-21\" class=\"row-fluid post-21 page type-page status-publish hentry language-de_de hover\">\n<div class=\"entry-content\">\n<h2 data-start=\"553\" data-end=\"565\"><span style=\"font-size: 20px;\">Proprietario e editore dei media<\/span><\/h2>\n<p data-start=\"603\" data-end=\"736\"><span class=\"hover:entity-accent entity-underline inline cursor-pointer align-baseline\"><span class=\"whitespace-normal\">Universit\u00e4t Innsbruck<\/span><\/span><br data-start=\"640\" data-end=\"643\">Institut f\u00fcr Management und Marketing<br data-start=\"680\" data-end=\"683\">Universit\u00e4tsstra\u00dfe 15<br data-start=\"704\" data-end=\"707\">6020 Innsbruck<br data-start=\"721\" data-end=\"724\">\u00d6sterreich<\/p>\n<p data-start=\"738\" data-end=\"839\">Telefon: +43 (0)512 507-0<br data-start=\"763\" data-end=\"766\">E-Mail: smarter-lives@uibk.ac.at<br data-start=\"811\" data-end=\"814\">Website: <a class=\"decorated-link cursor-pointer\" target=\"_new\" rel=\"noopener\" data-start=\"823\" data-end=\"837\">www.uibk.ac.at<\/a><\/p>\n<hr data-start=\"841\" data-end=\"844\">\n<p data-start=\"878\" data-end=\"916\">\n<h3 data-start=\"923\" data-end=\"951\">Oggetto sociale<\/h3>\n<p data-start=\"952\" data-end=\"1062\">Insegnamento e ricerca nel campo del management e del marketing, nonch\u00e9 organizzazione di eventi scientifici.<\/p>\n<hr data-start=\"1064\" data-end=\"1067\">\n<h3 data-start=\"1069\" data-end=\"1128\">Orientamento fondamentale del sito web (\u00a7 25 della legge sui media)<\/h3>\n<p data-start=\"1129\" data-end=\"1297\">Questo sito web ha lo scopo di fornire informazioni sull&#8217;evento \u201cSMARTER LIVES\u201d e sui relativi contenuti scientifici, progetti e partner di cooperazione.<\/p>\n<hr data-start=\"1419\" data-end=\"1422\">\n<h3 data-start=\"1424\" data-end=\"1449\">Responsabilit\u00e0 per i contenuti<\/h3>\n<p data-start=\"1450\" data-end=\"1623\">I contenuti di questo sito web sono stati redatti con la massima cura. Non si assume tuttavia alcuna responsabilit\u00e0 per la correttezza, la completezza e l&#8217;attualit\u00e0 dei contenuti.<\/p>\n<hr data-start=\"1625\" data-end=\"1628\">\n<h3 data-start=\"1630\" data-end=\"1653\">Responsabilit\u00e0 per i link<\/h3>\n<p data-start=\"1654\" data-end=\"1941\">Questo sito web contiene link a siti web esterni di terzi. Non \u00e8 possibile influire sui loro contenuti. Il contenuto delle pagine collegate \u00e8 sempre di responsabilit\u00e0 del rispettivo fornitore o gestore. In caso di violazione dei diritti, i link corrispondenti saranno immediatamente rimossi.<\/p>\n<hr data-start=\"1943\" data-end=\"1946\">\n<h3 data-start=\"1948\" data-end=\"1966\">Urheberrecht<\/h3>\n<p data-start=\"1967\" data-end=\"2157\">I contenuti di questo sito web sono protetti dal diritto d&#8217;autore. Qualsiasi utilizzo al di fuori dei limiti del diritto d&#8217;autore richiede il previo consenso scritto del rispettivo titolare dei diritti.<\/p>\n<\/div>\n<div class=\"entry-content\"><\/div>\n<\/article>\n<\/div>\n<\/div>\n<\/div><\/section><\/p><\/div>\n","protected":false},"excerpt":{"rendered":"","protected":false},"author":5,"featured_media":0,"parent":0,"menu_order":0,"comment_status":"closed","ping_status":"closed","template":"","meta":{"footnotes":""},"class_list":["post-7739","page","type-page","status-publish","hentry"],"_links":{"self":[{"href":"https:\/\/www.smarter-lives.eu\/it\/wp-json\/wp\/v2\/pages\/7739","targetHints":{"allow":["GET"]}}],"collection":[{"href":"https:\/\/www.smarter-lives.eu\/it\/wp-json\/wp\/v2\/pages"}],"about":[{"href":"https:\/\/www.smarter-lives.eu\/it\/wp-json\/wp\/v2\/types\/page"}],"author":[{"embeddable":true,"href":"https:\/\/www.smarter-lives.eu\/it\/wp-json\/wp\/v2\/users\/5"}],"replies":[{"embeddable":true,"href":"https:\/\/www.smarter-lives.eu\/it\/wp-json\/wp\/v2\/comments?post=7739"}],"version-history":[{"count":8,"href":"https:\/\/www.smarter-lives.eu\/it\/wp-json\/wp\/v2\/pages\/7739\/revisions"}],"predecessor-version":[{"id":7750,"href":"https:\/\/www.smarter-lives.eu\/it\/wp-json\/wp\/v2\/pages\/7739\/revisions\/7750"}],"wp:attachment":[{"href":"https:\/\/www.smarter-lives.eu\/it\/wp-json\/wp\/v2\/media?parent=7739"}],"curies":[{"name":"wp","href":"https:\/\/api.w.org\/{rel}","templated":true}]}}